{"id":12349,"date":"2024-06-25T13:31:10","date_gmt":"2024-06-25T13:31:10","guid":{"rendered":"http:\/\/xero6gr.pl\/?page_id=12349"},"modified":"2024-08-03T11:42:28","modified_gmt":"2024-08-03T11:42:28","slug":"formularz-zamowienia-online","status":"publish","type":"page","link":"http:\/\/xero6gr.pl\/?page_id=12349","title":{"rendered":"Formularz zam\u00f3wie\u0144 online"},"content":{"rendered":"\t\t<div data-elementor-type=\"wp-page\" data-elementor-id=\"12349\" class=\"elementor elementor-12349\">\n\t\t\t\t\t\t<section class=\"elementor-section elementor-top-section elementor-element elementor-element-5020ae7 ct-section-stretched elementor-section-height-min-height elementor-section-boxed elementor-section-height-default elementor-section-items-middle\" data-id=\"5020ae7\" data-element_type=\"section\" data-settings=\"{&quot;background_background&quot;:&quot;classic&quot;}\">\n\t\t\t\t\t\t<div class=\"elementor-container elementor-column-gap-default\">\n\t\t\t\t\t<div class=\"elementor-column elementor-col-100 elementor-top-column elementor-element elementor-element-36276f8\" data-id=\"36276f8\" data-element_type=\"column\">\n\t\t\t<div class=\"elementor-widget-wrap\">\n\t\t\t\t\t\t\t<\/div>\n\t\t<\/div>\n\t\t\t\t\t<\/div>\n\t\t<\/section>\n\t\t\t\t<section class=\"elementor-section elementor-top-section elementor-element elementor-element-f1fb84e elementor-section-boxed elementor-section-height-default elementor-section-height-default\" data-id=\"f1fb84e\" data-element_type=\"section\">\n\t\t\t\t\t\t<div class=\"elementor-container elementor-column-gap-default\">\n\t\t\t\t\t<div class=\"elementor-column elementor-col-100 elementor-top-column elementor-element elementor-element-20cd0f1\" data-id=\"20cd0f1\" data-element_type=\"column\">\n\t\t\t<div class=\"elementor-widget-wrap\">\n\t\t\t\t\t\t\t<\/div>\n\t\t<\/div>\n\t\t\t\t\t<\/div>\n\t\t<\/section>\n\t\t\t\t<section class=\"elementor-section elementor-top-section elementor-element elementor-element-bba6cb0 elementor-section-boxed elementor-section-height-default elementor-section-height-default\" data-id=\"bba6cb0\" data-element_type=\"section\">\n\t\t\t\t\t\t<div class=\"elementor-container elementor-column-gap-extended\">\n\t\t\t\t\t<div class=\"elementor-column elementor-col-100 elementor-top-column elementor-element elementor-element-caebb6a\" data-id=\"caebb6a\" data-element_type=\"column\">\n\t\t\t<div class=\"elementor-widget-wrap elementor-element-populated\">\n\t\t\t\t\t\t<div class=\"elementor-element elementor-element-6e8b791 elementor-widget elementor-widget-shortcode\" data-id=\"6e8b791\" data-element_type=\"widget\" data-widget_type=\"shortcode.default\">\n\t\t\t\t<div class=\"elementor-widget-container\">\n\t\t\t\t\t<div class=\"elementor-shortcode\">\t<pre style=\"display:none !important;\"><!--noptimize--><script type=\"text\/javascript\">\r\n\t function doValidate_1(form)\r\n\t {\r\n\t\tvar form_identifier =  '_1';\r\n\t\tif(typeof cpcff_validation_rules == 'undefined') cpcff_validation_rules = {};\r\n\t\tif(typeof cpcff_validation_rules[form_identifier] == 'undefined') cpcff_validation_rules[form_identifier] = {};\r\n\t\tvar $dexQuery = (fbuilderjQuery) ? fbuilderjQuery : jQuery.noConflict(),\r\n\t\t\t_form = $dexQuery(\"#cp_calculatedfieldsf_pform\"+form_identifier),\r\n\t\t\tform_disabled = function(){\r\n\t\t\t\treturn ('undefined' != typeof _form.data('being-submitted'));\r\n\t\t\t},\r\n\t\t\tdisabling_form = function(){\r\n\t\t\t\tif(form_disabled()) return;\r\n\t\t\t\t_form.find('.pbSubmit').addClass('submitbtn-disabled');\r\n\t\t\t\t_form.data('being-submitted',1);\r\n\t\t\t\tvar d = document.createElement('div');\r\n\t\t\t\t$dexQuery(d).addClass('cff-processing-form').appendTo(_form.find('#fbuilder'));\r\n\t\t\t},\r\n\t\t\tenabling_form = function(){\r\n\t\t\t\t_form.removeData('being-submitted');\r\n\t\t\t\t_form.find('.submitbtn-disabled').removeClass('submitbtn-disabled');\r\n\t\t\t\t_form.find('.cff-processing-form').remove();\r\n\t\t\t};\r\n\t\tif(form_disabled()) return false;\r\n\t\t_form.validate().settings.ignore = '.ignore';\r\n\t\tvar\tcpefb_error = !_form.validate().checkForm();\r\n\t\t_form.validate().settings.ignore = '.ignore,.ignorepb';\r\n\t\tvar\tvalidation_rules = cpcff_validation_rules[form_identifier],\r\n\t\t\tprocessing_form = function()\r\n\t\t\t{\r\n\t\t\t\t\t\t\t\tfor(var rule in validation_rules)\r\n\t\t\t\t{\r\n\t\t\t\t\tif(!validation_rules[rule]) return;\r\n\t\t\t\t}\r\n\t\t\t\t_form.find(\"[name$='_date'][type='hidden']\").each(function(){\r\n\t\t\t\t\tvar v  \t = $dexQuery(this).val(),\r\n\t\t\t\t\t\tname = $dexQuery(this).attr( 'name' ).replace('_date', ''),\r\n\t\t\t\t\t\te \t = $dexQuery(\"[name='\"+name+\"']\"); if( e.length ){ e.val( $dexQuery.trim( e.val().replace( v, '' ) ) ); }\r\n\t\t\t\t});\r\n\t\t\t\t_form.find(\"select option\").each(function(){\r\n\t\t\t\t\tif( typeof $dexQuery(this).attr(\"vt\") != 'undefined' )\r\n\t\t\t\t\t\t$dexQuery(this).val($dexQuery(this).attr(\"vt\"));\r\n\t\t\t\t});\r\n\t\t\t\t_form.find(\"input[vt]\").each(function(){\r\n\t\t\t\t\tif( typeof $dexQuery(this).attr(\"vt\") != 'undefined' )\r\n\t\t\t\t\t\t$dexQuery(this).val($dexQuery(this).attr(\"vt\"));\r\n\t\t\t\t});\r\n\t\t\t\t_form.find('.cpcff-recordset,.cff-exclude,[id^=\"form_structure_\"]')\r\n\t\t\t\t.add(_form.find( '.ignore' ).closest( '.fields' ))\r\n\t\t\t\t.remove();\r\n\t\t\t\tdisabling_form();\r\n\t\t\t\t_form[ 0 ].submit();\r\n\t\t\t};\r\n\t\t_form.find('[name=\"cp_ref_page\"]').val(document.location.href);\r\n\t\t\/* 1: Do not submit if the equations are being evaluated *\/\r\n\t\tvalidation_rules['no_pending'] = !$dexQuery.fbuilder.calculator.processing_queue && !$dexQuery.fbuilder.calculator.thereIsPending(form_identifier);\r\n\t\tif(!validation_rules['no_pending'])\r\n\t\t{\r\n\t\t\t$dexQuery(document).on('equationsQueueEmpty', function(evt, formId){\r\n\t\t\t\tif(formId == form_identifier)\r\n\t\t\t\t{\r\n\t\t\t\t\t$dexQuery(document).off('equationsQueueEmpty');\r\n\t\t\t\t\tvalidation_rules['no_pending']  = true;\r\n\t\t\t\t\tprocessing_form();\r\n\t\t\t\t}\r\n\t\t\t});\r\n\t\t}\r\n\t\t\/* End :1 *\/\r\n\t\tif (cpefb_error==0)\r\n\t\t{\r\n\t\t\t\t\tprocessing_form();\r\n\t\t\t\t}\r\n\t\telse\r\n\t\t{\r\n\t\t\tenabling_form();\r\n\t\t}\r\n\t\treturn false;\r\n\t}\r\n\t<\/script><!--\/noptimize--><\/pre>\r\n\t<form name=\"cp_calculatedfieldsf_pform_1\" id=\"cp_calculatedfieldsf_pform_1\" action=\"http:\/\/xero6gr.pl\/?page_id=12349\" method=\"post\" enctype=\"multipart\/form-data\" onsubmit=\"return doValidate_1(this);\" class=\"\">\r\n\t\t\t<input type=\"hidden\" name=\"cp_calculatedfieldsf_pform_psequence\" value=\"_1\" \/><input type=\"hidden\" name=\"cp_calculatedfieldsf_pform_process\" value=\"1\" \/><input type=\"hidden\" name=\"cp_calculatedfieldsf_id\" value=\"8\" \/><input type=\"hidden\" name=\"cp_ref_page\" value=\"http:\/\/xero6gr.pl\" \/><pre style=\"display:none !important;\"><!--noptimize--><script type=\"text\/javascript\">form_structure_1=[[{\"form_identifier\":\"\",\"name\":\"fieldname11\",\"shortlabel\":\"\",\"index\":0,\"ftype\":\"ftext\",\"userhelp\":\"\",\"userhelpTooltip\":false,\"tooltipIcon\":false,\"csslayout\":\"\",\"title\":\"IMI\\u0118 I NAZWISKO\",\"autocomplete\":\"off\",\"predefined\":\"\",\"predefinedClick\":false,\"required\":true,\"exclude\":false,\"readonly\":false,\"size\":\"medium\",\"minlength\":\"\",\"maxlength\":\"\",\"equalTo\":\"\",\"regExp\":\"\",\"regExpMssg\":\"\",\"fBuild\":{},\"parent\":\"\"},{\"form_identifier\":\"\",\"name\":\"fieldname7\",\"shortlabel\":\"\",\"index\":1,\"ftype\":\"femail\",\"userhelp\":\"\",\"userhelpTooltip\":false,\"tooltipIcon\":false,\"csslayout\":\"\",\"title\":\"ADRES EMAIL\",\"autocomplete\":\"off\",\"predefined\":\"\",\"predefinedClick\":false,\"required\":true,\"exclude\":false,\"readonly\":false,\"size\":\"medium\",\"equalTo\":\"\",\"regExp\":\"\",\"regExpMssg\":\"\",\"fBuild\":{},\"parent\":\"\"},{\"form_identifier\":\"\",\"name\":\"fieldname8\",\"shortlabel\":\"\",\"index\":2,\"ftype\":\"fnumber\",\"userhelp\":\"\",\"userhelpTooltip\":false,\"tooltipIcon\":false,\"csslayout\":\"\",\"title\":\"NUMER TELEFONU\",\"predefined\":\"\",\"predefinedClick\":false,\"required\":true,\"exclude\":false,\"readonly\":false,\"size\":\"medium\",\"thousandSeparator\":\"\",\"decimalSymbol\":\".\",\"min\":\"\",\"max\":\"\",\"formatDynamically\":false,\"dformat\":\"digits\",\"formats\":[\"digits\",\"number\",\"percent\"],\"fBuild\":{},\"parent\":\"\"},{\"form_identifier\":\"\",\"name\":\"fieldname12\",\"shortlabel\":\"\",\"index\":3,\"ftype\":\"fradio\",\"userhelp\":\"\",\"userhelpTooltip\":false,\"tooltipIcon\":false,\"csslayout\":\"\",\"title\":\"PUNKT ODBIORU ZAM\\u00d3WIENIA\",\"layout\":\"one_column\",\"required\":true,\"exclude\":false,\"readonly\":false,\"toSubmit\":\"text\",\"choiceSelected\":\"\",\"showDep\":false,\"untickAccepted\":true,\"choices\":[\"Xero6gr.pl - \\u015ar\\u00f3dmie\\u015bcie - Ul. Nowowiejska 4 00-649 Warszawa \",\" Xero6gr.pl - Ursyn\\u00f3w  - Al. Komisji Edukacji Narodowej 86 lokal u15 02-777 Warszawa \",\"wysy\\u0142ka (prosimy poda\\u0107 adres wysy\\u0142ki w Uwagach do zam\\u00f3wieniabelle)\"],\"choicesVal\":[\"Xero6gr.pl - \\u015ar\\u00f3dmie\\u015bcie - Ul. Nowowiejska 4 00-649 Warszawa \",\" Xero6gr.pl - Ursyn\\u00f3w  - Al. Komisji Edukacji Narodowej 86 lokal u15 02-777 Warszawa \",\"\"],\"choicesDep\":[[],[],[]],\"fBuild\":{},\"parent\":\"\"},{\"form_identifier\":\"\",\"name\":\"fieldname9\",\"shortlabel\":\"\",\"index\":4,\"ftype\":\"ffile\",\"userhelp\":\"\",\"userhelpTooltip\":false,\"tooltipIcon\":false,\"csslayout\":\"\",\"title\":\"PRZE\\u015aLIJ PLIKI PDF DO DRUKU (jpg,png,gif,pdf,doc,odt)\",\"required\":true,\"exclude\":false,\"size\":\"medium\",\"accept\":\"jpg,png,gif,pdf,doc,odt\",\"upload_size\":\"10240\",\"multiple\":true,\"preview\":false,\"thumb_width\":\"80px\",\"thumb_height\":\"\",\"fBuild\":{},\"parent\":\"\"},{\"form_identifier\":\"\",\"name\":\"fieldname10\",\"shortlabel\":\"\",\"index\":5,\"ftype\":\"ftextarea\",\"userhelp\":\"\",\"userhelpTooltip\":false,\"tooltipIcon\":false,\"csslayout\":\"\",\"title\":\"UWAGI DO ZAM\\u00d3WIENIA\\u003Cbr \\\/\\u003E\\u003Cbr \\\/\\u003EW wiadomo\\u015bci poprosimy o informacj\\u0119 o:\\u003Cbr \\\/\\u003E- ilo\\u015b\\u0107 wydruk\\u00f3w \\\/ egzemplarzy\\u003Cbr \\\/\\u003E- format (A4, A3, A1, itp.)\\u003Cbr \\\/\\u003E- gramatur\\u0119 papieru (standardowy papier 80g, papier kredowy 130 g, 350g, papier ozdobny)\\u003Cbr \\\/\\u003E- rodzaj druku: dwustronny czy jednostronny, sk\\u0142adany, niesk\\u0142adany itp.\\u003Cbr \\\/\\u003E- dodatkowe informacje: o bindowaniu, laminowaniu, oprawie, pakowaniu itp.\\u003Cbr \\\/\\u003E- informacj\\u0119 o barwach: druk czarno-bia\\u0142y\\\/ kolorowy\\u003Cbr \\\/\\u003E\\u003Cbr \\\/\\u003E\",\"autocomplete\":\"off\",\"predefined\":\"\",\"predefinedClick\":false,\"required\":true,\"exclude\":false,\"readonly\":false,\"size\":\"medium\",\"minlength\":\"\",\"maxlength\":\"\",\"rows\":4,\"fBuild\":{},\"parent\":\"\"}],{\"0\":{\"title\":\" Formularz zam\\u00f3wie\\u0144 online\",\"description\":\"\\n\",\"formlayout\":\"top_aligned\",\"request_cost\":\"fieldname11\",\"formtemplate\":\"cp_cff_11\",\"evalequations\":1,\"evalequationsevent\":2,\"loading_animation\":0,\"autocomplete\":1,\"persistence\":0,\"customstyles\":\"\"},\"formid\":\"cp_calculatedfieldsf_pform_1\",\"setCache\":false,\"cache\":false}];<\/script><!--\/noptimize--><\/pre>\r\n\t\t<div id=\"fbuilder\">\r\n\t\t\t\t\t\t<div id=\"fbuilder_1\">\r\n\t\t\t\t<div id=\"formheader_1\"><\/div>\r\n\t\t\t\t<div id=\"fieldlist_1\"><\/div>\r\n\t\t\t<\/div>\r\n\t\t\t<div id=\"cpcaptchalayer_1\" class=\"cpcaptchalayer\" style=\"display:none;\">\r\n\t\t\t            \t\t\t<div class=\"fields\" id=\"field-c0\" style=\"display:none\">\r\n\t\t\t\t<label>Metody p\u0142atno\u015bci<\/label>\r\n\t\t\t\t<div class=\"dfield\">\r\n\t\t\t\t \t\t\t\t <!--addons-payment-options-->\r\n    \t\t\t \t\t\t\t<\/div>\r\n\t\t\t\t<div class=\"clearer\"><\/div>\r\n\t\t\t<\/div>\r\n\t\t\t<!--addons-payment-fields-->\r\n\t\t\t\t\t\t<!--add-ons-->\r\n\t\t\t<\/div>\r\n\t\t\t\t\t\t<div id=\"cp_subbtn_1\" class=\"cp_subbtn\" style=\"display:none;\">WY\u015aLIJ FORMULARZ<\/div>\r\n\t\t\t\t\t\t<div class=\"clearer\"><\/div>\r\n\t\t<\/div>\r\n\t\t<\/form>\r\n<\/div>\n\t\t\t\t<\/div>\n\t\t\t\t<\/div>\n\t\t\t\t\t<\/div>\n\t\t<\/div>\n\t\t\t\t\t<\/div>\n\t\t<\/section>\n\t\t\t\t<section class=\"elementor-section elementor-top-section elementor-element elementor-element-7bcec0a elementor-section-content-middle ct-section-stretched elementor-section-height-min-height elementor-section-boxed elementor-section-height-default elementor-section-items-middle\" data-id=\"7bcec0a\" data-element_type=\"section\" data-settings=\"{&quot;background_background&quot;:&quot;classic&quot;}\">\n\t\t\t\t\t\t<div class=\"elementor-container elementor-column-gap-wide\">\n\t\t\t\t\t<div class=\"elementor-column elementor-col-50 elementor-top-column elementor-element elementor-element-fcc8d49\" data-id=\"fcc8d49\" data-element_type=\"column\" data-settings=\"{&quot;background_background&quot;:&quot;classic&quot;}\">\n\t\t\t<div class=\"elementor-widget-wrap elementor-element-populated\">\n\t\t\t\t\t\t<div class=\"elementor-element elementor-element-9c29062 elementor-widget elementor-widget-image\" data-id=\"9c29062\" data-element_type=\"widget\" data-widget_type=\"image.default\">\n\t\t\t\t<div class=\"elementor-widget-container\">\n\t\t\t<style>\/*! elementor - v3.23.0 - 25-07-2024 *\/\n.elementor-widget-image{text-align:center}.elementor-widget-image a{display:inline-block}.elementor-widget-image a img[src$=\".svg\"]{width:48px}.elementor-widget-image img{vertical-align:middle;display:inline-block}<\/style>\t\t\t\t\t\t\t\t\t\t<img fetchpriority=\"high\" decoding=\"async\" width=\"1792\" height=\"1024\" src=\"http:\/\/xero6gr.pl\/wp-content\/uploads\/2024\/06\/DA22051.png\" class=\"attachment-full size-full wp-image-12226\" alt=\"\" srcset=\"http:\/\/xero6gr.pl\/wp-content\/uploads\/2024\/06\/DA22051.png 1792w, http:\/\/xero6gr.pl\/wp-content\/uploads\/2024\/06\/DA22051-900x514.png 900w, http:\/\/xero6gr.pl\/wp-content\/uploads\/2024\/06\/DA22051-300x171.png 300w, http:\/\/xero6gr.pl\/wp-content\/uploads\/2024\/06\/DA22051-1024x585.png 1024w, http:\/\/xero6gr.pl\/wp-content\/uploads\/2024\/06\/DA22051-768x439.png 768w, http:\/\/xero6gr.pl\/wp-content\/uploads\/2024\/06\/DA22051-1536x878.png 1536w\" sizes=\"(max-width: 1792px) 100vw, 1792px\" \/>\t\t\t\t\t\t\t\t\t\t\t\t\t<\/div>\n\t\t\t\t<\/div>\n\t\t\t\t\t<\/div>\n\t\t<\/div>\n\t\t\t\t<div class=\"elementor-column elementor-col-50 elementor-top-column elementor-element elementor-element-9c4c2bb\" data-id=\"9c4c2bb\" data-element_type=\"column\">\n\t\t\t<div class=\"elementor-widget-wrap elementor-element-populated\">\n\t\t\t\t\t\t<div class=\"elementor-element elementor-element-78f88b4 elementor-widget elementor-widget-heading\" data-id=\"78f88b4\" data-element_type=\"widget\" data-widget_type=\"heading.default\">\n\t\t\t\t<div class=\"elementor-widget-container\">\n\t\t\t<style>\/*! elementor - v3.23.0 - 25-07-2024 *\/\n.elementor-heading-title{padding:0;margin:0;line-height:1}.elementor-widget-heading .elementor-heading-title[class*=elementor-size-]>a{color:inherit;font-size:inherit;line-height:inherit}.elementor-widget-heading .elementor-heading-title.elementor-size-small{font-size:15px}.elementor-widget-heading .elementor-heading-title.elementor-size-medium{font-size:19px}.elementor-widget-heading .elementor-heading-title.elementor-size-large{font-size:29px}.elementor-widget-heading .elementor-heading-title.elementor-size-xl{font-size:39px}.elementor-widget-heading .elementor-heading-title.elementor-size-xxl{font-size:59px}<\/style><h2 class=\"elementor-heading-title elementor-size-default\">Zam\u00f3w wydruk online<\/h2>\t\t<\/div>\n\t\t\t\t<\/div>\n\t\t\t\t<div class=\"elementor-element elementor-element-af00849 elementor-widget elementor-widget-text-editor\" data-id=\"af00849\" data-element_type=\"widget\" data-widget_type=\"text-editor.default\">\n\t\t\t\t<div class=\"elementor-widget-container\">\n\t\t\t<style>\/*! elementor - v3.23.0 - 25-07-2024 *\/\n.elementor-widget-text-editor.elementor-drop-cap-view-stacked .elementor-drop-cap{background-color:#69727d;color:#fff}.elementor-widget-text-editor.elementor-drop-cap-view-framed .elementor-drop-cap{color:#69727d;border:3px solid;background-color:transparent}.elementor-widget-text-editor:not(.elementor-drop-cap-view-default) .elementor-drop-cap{margin-top:8px}.elementor-widget-text-editor:not(.elementor-drop-cap-view-default) .elementor-drop-cap-letter{width:1em;height:1em}.elementor-widget-text-editor .elementor-drop-cap{float:left;text-align:center;line-height:1;font-size:50px}.elementor-widget-text-editor .elementor-drop-cap-letter{display:inline-block}<\/style>\t\t\t\t<p>Niezale\u017cnie czy to prosta kopia, czy skomplikowany druk cyfrowy, traktujemy ka\u017cdy projekt z najwy\u017csz\u0105 staranno\u015bci\u0105. Przyjd\u017a i do\u015bwiadcz doskona\u0142o\u015bci druku z nami!<\/p>\t\t\t\t\t\t<\/div>\n\t\t\t\t<\/div>\n\t\t\t\t\t<\/div>\n\t\t<\/div>\n\t\t\t\t\t<\/div>\n\t\t<\/section>\n\t\t\t\t<\/div>\n\t\t","protected":false},"excerpt":{"rendered":"<p>Zam\u00f3w wydruk online Niezale\u017cnie czy to prosta kopia, czy skomplikowany druk cyfrowy, traktujemy ka\u017cdy projekt z najwy\u017csz\u0105 staranno\u015bci\u0105. Przyjd\u017a i do\u015bwiadcz doskona\u0142o\u015bci druku z nami!<\/p>\n","protected":false},"author":1,"featured_media":0,"parent":0,"menu_order":0,"comment_status":"closed","ping_status":"closed","template":"","meta":{"_joinchat":[],"footnotes":""},"class_list":["post-12349","page","type-page","status-publish","hentry"],"blocksy_meta":{"styles_descriptor":{"styles":{"desktop":"","tablet":"","mobile":""},"google_fonts":[],"version":6}},"_links":{"self":[{"href":"http:\/\/xero6gr.pl\/index.php?rest_route=\/wp\/v2\/pages\/12349","targetHints":{"allow":["GET"]}}],"collection":[{"href":"http:\/\/xero6gr.pl\/index.php?rest_route=\/wp\/v2\/pages"}],"about":[{"href":"http:\/\/xero6gr.pl\/index.php?rest_route=\/wp\/v2\/types\/page"}],"author":[{"embeddable":true,"href":"http:\/\/xero6gr.pl\/index.php?rest_route=\/wp\/v2\/users\/1"}],"replies":[{"embeddable":true,"href":"http:\/\/xero6gr.pl\/index.php?rest_route=%2Fwp%2Fv2%2Fcomments&post=12349"}],"version-history":[{"count":11,"href":"http:\/\/xero6gr.pl\/index.php?rest_route=\/wp\/v2\/pages\/12349\/revisions"}],"predecessor-version":[{"id":12534,"href":"http:\/\/xero6gr.pl\/index.php?rest_route=\/wp\/v2\/pages\/12349\/revisions\/12534"}],"wp:attachment":[{"href":"http:\/\/xero6gr.pl\/index.php?rest_route=%2Fwp%2Fv2%2Fmedia&parent=12349"}],"curies":[{"name":"wp","href":"https:\/\/api.w.org\/{rel}","templated":true}]}}