{"id":1039,"date":"2021-12-21T20:12:56","date_gmt":"2021-12-21T20:12:56","guid":{"rendered":"https:\/\/demo.creativethemes.com\/elementor\/homi\/?page_id=1039"},"modified":"2024-08-13T19:14:01","modified_gmt":"2024-08-13T19:14:01","slug":"nasza-oferta","status":"publish","type":"page","link":"http:\/\/xero6gr.pl\/?page_id=1039","title":{"rendered":"Nasza oferta"},"content":{"rendered":"\t\t<div data-elementor-type=\"wp-page\" data-elementor-id=\"1039\" class=\"elementor elementor-1039\">\n\t\t\t\t\t\t<section class=\"elementor-section elementor-top-section elementor-element elementor-element-5020ae7 ct-section-stretched elementor-section-height-min-height elementor-section-boxed elementor-section-height-default elementor-section-items-middle\" data-id=\"5020ae7\" data-element_type=\"section\" data-settings=\"{&quot;background_background&quot;:&quot;classic&quot;}\">\n\t\t\t\t\t\t<div class=\"elementor-container elementor-column-gap-default\">\n\t\t\t\t\t<div class=\"elementor-column elementor-col-100 elementor-top-column elementor-element elementor-element-36276f8\" data-id=\"36276f8\" data-element_type=\"column\">\n\t\t\t<div class=\"elementor-widget-wrap\">\n\t\t\t\t\t\t\t<\/div>\n\t\t<\/div>\n\t\t\t\t\t<\/div>\n\t\t<\/section>\n\t\t\t\t<section class=\"elementor-section elementor-top-section elementor-element elementor-element-f1fb84e elementor-section-boxed elementor-section-height-default elementor-section-height-default\" data-id=\"f1fb84e\" data-element_type=\"section\">\n\t\t\t\t\t\t<div class=\"elementor-container elementor-column-gap-default\">\n\t\t\t\t\t<div class=\"elementor-column elementor-col-100 elementor-top-column elementor-element elementor-element-b95565c\" data-id=\"b95565c\" data-element_type=\"column\">\n\t\t\t<div class=\"elementor-widget-wrap elementor-element-populated\">\n\t\t\t\t\t\t<div class=\"elementor-element elementor-element-f5f169e elementor-widget elementor-widget-heading\" data-id=\"f5f169e\" data-element_type=\"widget\" data-widget_type=\"heading.default\">\n\t\t\t\t<div class=\"elementor-widget-container\">\n\t\t\t<style>\/*! elementor - v3.23.0 - 25-07-2024 *\/\n.elementor-heading-title{padding:0;margin:0;line-height:1}.elementor-widget-heading .elementor-heading-title[class*=elementor-size-]>a{color:inherit;font-size:inherit;line-height:inherit}.elementor-widget-heading .elementor-heading-title.elementor-size-small{font-size:15px}.elementor-widget-heading .elementor-heading-title.elementor-size-medium{font-size:19px}.elementor-widget-heading .elementor-heading-title.elementor-size-large{font-size:29px}.elementor-widget-heading .elementor-heading-title.elementor-size-xl{font-size:39px}.elementor-widget-heading .elementor-heading-title.elementor-size-xxl{font-size:59px}<\/style><h2 class=\"elementor-heading-title elementor-size-default\">W czym mo\u017cemy Ci pom\u00f3c?<\/h2>\t\t<\/div>\n\t\t\t\t<\/div>\n\t\t\t\t\t<\/div>\n\t\t<\/div>\n\t\t\t\t\t<\/div>\n\t\t<\/section>\n\t\t\t\t<section class=\"elementor-section elementor-top-section elementor-element elementor-element-bba6cb0 elementor-section-boxed elementor-section-height-default elementor-section-height-default\" data-id=\"bba6cb0\" data-element_type=\"section\">\n\t\t\t\t\t\t<div class=\"elementor-container elementor-column-gap-extended\">\n\t\t\t\t\t<div class=\"elementor-column elementor-col-100 elementor-top-column elementor-element elementor-element-caebb6a\" data-id=\"caebb6a\" data-element_type=\"column\">\n\t\t\t<div class=\"elementor-widget-wrap elementor-element-populated\">\n\t\t\t\t\t\t<div class=\"elementor-element elementor-element-d0d11e3 elementor-widget elementor-widget-text-editor\" data-id=\"d0d11e3\" data-element_type=\"widget\" data-widget_type=\"text-editor.default\">\n\t\t\t\t<div class=\"elementor-widget-container\">\n\t\t\t<style>\/*! elementor - v3.23.0 - 25-07-2024 *\/\n.elementor-widget-text-editor.elementor-drop-cap-view-stacked .elementor-drop-cap{background-color:#69727d;color:#fff}.elementor-widget-text-editor.elementor-drop-cap-view-framed .elementor-drop-cap{color:#69727d;border:3px solid;background-color:transparent}.elementor-widget-text-editor:not(.elementor-drop-cap-view-default) .elementor-drop-cap{margin-top:8px}.elementor-widget-text-editor:not(.elementor-drop-cap-view-default) .elementor-drop-cap-letter{width:1em;height:1em}.elementor-widget-text-editor .elementor-drop-cap{float:left;text-align:center;line-height:1;font-size:50px}.elementor-widget-text-editor .elementor-drop-cap-letter{display:inline-block}<\/style>\t\t\t\tUlotki ,dyplomy , plakaty , naklejki czy wizyt\u00f3wki \u2013 to rzeczy z kt\u00f3rymi w naszej pracy spotykamy si\u0119 codziennie.\n\nIlo\u015bci niskonak\u0142adowe realizujemy w ci\u0105gu tego samego dnia lub max 24h od z\u0142o\u017cenia zam\u00f3wienia.\n\nJe\u017celi posiadaj\u0105 Pa\u0144stwo wi\u0119ksze nak\u0142ady to oferujemy\u00a0 r\u00f3wnie\u017c druk offsetowy\n\nkt\u00f3ry realizujemy w ci\u0105gu 2-3 dni robaczych \u2013 jego ogromn\u0105 zalet\u0105 jest wsp\u00f3\u0142czynnik ceny do nak\u0142adu.\n\nZapraszamy do skorzystania z formularza wyceny online \u2013 jeste\u015bmy do Pa\u0144stwa dyspozycji.\t\t\t\t\t\t<\/div>\n\t\t\t\t<\/div>\n\t\t\t\t<div class=\"elementor-element elementor-element-847601c elementor-mobile-align-center elementor-tablet-align-center elementor-align-center elementor-widget elementor-widget-button\" data-id=\"847601c\" data-element_type=\"widget\" data-widget_type=\"button.default\">\n\t\t\t\t<div class=\"elementor-widget-container\">\n\t\t\t\t\t<div class=\"elementor-button-wrapper\">\n\t\t\t<a class=\"elementor-button elementor-button-link elementor-size-lg\" href=\"http:\/\/xero6gr.pl\/wp-content\/uploads\/2024\/06\/cennik-xero-6-gr.pdf\" target=\"_blank\">\n\t\t\t\t\t\t<span class=\"elementor-button-content-wrapper\">\n\t\t\t\t\t\t\t\t\t<span class=\"elementor-button-text\">Pobierz cennik PDF<\/span>\n\t\t\t\t\t<\/span>\n\t\t\t\t\t<\/a>\n\t\t<\/div>\n\t\t\t\t<\/div>\n\t\t\t\t<\/div>\n\t\t\t\t<div class=\"elementor-element elementor-element-61189c1 elementor-widget elementor-widget-text-editor\" data-id=\"61189c1\" data-element_type=\"widget\" data-widget_type=\"text-editor.default\">\n\t\t\t\t<div class=\"elementor-widget-container\">\n\t\t\t\t\t\t\t<p><strong>1. Ksero i Druk<\/strong><\/p><ul><li><strong>Ksero-druk czarno-bia\u0142y i kolorowy:<\/strong>\u00a0Dost\u0119pne w r\u00f3\u017cnych formatach, z mo\u017cliwo\u015bci\u0105 wyboru r\u00f3\u017cnych rodzaj\u00f3w papieru.<\/li><li><strong>Druk cyfrowy:<\/strong>\u00a0Idealny dla szybkich, kr\u00f3tkich serii druk\u00f3w reklamowych, ulotek, broszur, ksi\u0105\u017cek, folder\u00f3w czy zaprosze\u0144.<\/li><li><strong>Druk wielkoformatowy:<\/strong>\u00a0Oferujemy druk plakat\u00f3w, baner\u00f3w, foli wylewanych oraz OWV<\/li><\/ul><p><strong>2. Oprawa i Foliowanie<\/strong><\/p><ul><li><strong>Oprawa dokument\u00f3w:<\/strong>\u00a0Twarda i mi\u0119kka oprawa prac dyplomowych, ksi\u0105\u017cek i raport\u00f3w.<\/li><li><strong>Laminowanie:<\/strong>\u00a0Zapewnij swoim dokumentom dodatkow\u0105 ochron\u0119 i trwa\u0142o\u015b\u0107 dzi\u0119ki laminowaniu.<\/li><\/ul><p><strong>3. Us\u0142ugi Specjalistyczne<\/strong><\/p><ul><li><strong>Skanowanie dokument\u00f3w:<\/strong>\u00a0Szybkie i wydajne skanowanie dokument\u00f3w, zdj\u0119\u0107 i rysunk\u00f3w technicznych r\u00f3wnie\u017c wielkoformatowych.<\/li><li><strong>Us\u0142ugi introligatorskie\u00a0<\/strong> Oferujemy kilka rodzaj\u00f3w bindowania , bigowanie , zszywanie , dziurkowanie oraz ci\u0119cie na gilotynie.<\/li><\/ul><p><strong>4. Us\u0142ugi dla Firm<\/strong><\/p><ul><li><strong>Preferencyjne warunki:\u00a0<\/strong>Wysokie rabaty przy sta\u0142ej i wysoko nak\u0142adowej wsp\u00f3\u0142pracy.<\/li><li><strong>Druk materia\u0142\u00f3w biurowych: <\/strong>Wizyt\u00f3wek, papier\u00f3w firmowych , raport\u00f3w okresowych, koperty z logo Twojej firmy.<\/li><\/ul><p><strong>5. Dost\u0119pno\u015b\u0107 i \u0141atwo\u015b\u0107<\/strong><\/p><ul><li><strong>Zam\u00f3wienia online:<\/strong>\u00a0Mo\u017cliwo\u015b\u0107 sk\u0142adania zam\u00f3wie\u0144 przez internet z opcj\u0105 odbioru w punkcie lub dostawy.<\/li><li><strong>Dogodne godziny otwarcia:<\/strong>\u00a0Otwarte od poniedzia\u0142ku do pi\u0105tku od 8:00 do 18:00 w wybranych lokalizacjach<\/li><\/ul>\t\t\t\t\t\t<\/div>\n\t\t\t\t<\/div>\n\t\t\t\t\t<\/div>\n\t\t<\/div>\n\t\t\t\t\t<\/div>\n\t\t<\/section>\n\t\t\t\t<section class=\"elementor-section elementor-top-section elementor-element elementor-element-7bcec0a elementor-section-content-middle ct-section-stretched elementor-section-height-min-height elementor-section-boxed elementor-section-height-default elementor-section-items-middle\" data-id=\"7bcec0a\" data-element_type=\"section\" data-settings=\"{&quot;background_background&quot;:&quot;classic&quot;}\">\n\t\t\t\t\t\t<div class=\"elementor-container elementor-column-gap-wide\">\n\t\t\t\t\t<div class=\"elementor-column elementor-col-50 elementor-top-column elementor-element elementor-element-fcc8d49\" data-id=\"fcc8d49\" data-element_type=\"column\" data-settings=\"{&quot;background_background&quot;:&quot;classic&quot;}\">\n\t\t\t<div class=\"elementor-widget-wrap elementor-element-populated\">\n\t\t\t\t\t\t<div class=\"elementor-element elementor-element-9c29062 elementor-widget elementor-widget-image\" data-id=\"9c29062\" data-element_type=\"widget\" data-widget_type=\"image.default\">\n\t\t\t\t<div class=\"elementor-widget-container\">\n\t\t\t<style>\/*! elementor - v3.23.0 - 25-07-2024 *\/\n.elementor-widget-image{text-align:center}.elementor-widget-image a{display:inline-block}.elementor-widget-image a img[src$=\".svg\"]{width:48px}.elementor-widget-image img{vertical-align:middle;display:inline-block}<\/style>\t\t\t\t\t\t\t\t\t\t<img fetchpriority=\"high\" decoding=\"async\" width=\"1792\" height=\"1024\" src=\"http:\/\/xero6gr.pl\/wp-content\/uploads\/2024\/06\/DA22051.png\" class=\"attachment-full size-full wp-image-12226\" alt=\"\" srcset=\"http:\/\/xero6gr.pl\/wp-content\/uploads\/2024\/06\/DA22051.png 1792w, http:\/\/xero6gr.pl\/wp-content\/uploads\/2024\/06\/DA22051-900x514.png 900w, http:\/\/xero6gr.pl\/wp-content\/uploads\/2024\/06\/DA22051-300x171.png 300w, http:\/\/xero6gr.pl\/wp-content\/uploads\/2024\/06\/DA22051-1024x585.png 1024w, http:\/\/xero6gr.pl\/wp-content\/uploads\/2024\/06\/DA22051-768x439.png 768w, http:\/\/xero6gr.pl\/wp-content\/uploads\/2024\/06\/DA22051-1536x878.png 1536w\" sizes=\"(max-width: 1792px) 100vw, 1792px\" \/>\t\t\t\t\t\t\t\t\t\t\t\t\t<\/div>\n\t\t\t\t<\/div>\n\t\t\t\t\t<\/div>\n\t\t<\/div>\n\t\t\t\t<div class=\"elementor-column elementor-col-50 elementor-top-column elementor-element elementor-element-9c4c2bb\" data-id=\"9c4c2bb\" data-element_type=\"column\">\n\t\t\t<div class=\"elementor-widget-wrap elementor-element-populated\">\n\t\t\t\t\t\t<div class=\"elementor-element elementor-element-78f88b4 elementor-widget elementor-widget-heading\" data-id=\"78f88b4\" data-element_type=\"widget\" data-widget_type=\"heading.default\">\n\t\t\t\t<div class=\"elementor-widget-container\">\n\t\t\t<h2 class=\"elementor-heading-title elementor-size-default\">Zam\u00f3w wydruk online<\/h2>\t\t<\/div>\n\t\t\t\t<\/div>\n\t\t\t\t<div class=\"elementor-element elementor-element-af00849 elementor-widget elementor-widget-text-editor\" data-id=\"af00849\" data-element_type=\"widget\" data-widget_type=\"text-editor.default\">\n\t\t\t\t<div class=\"elementor-widget-container\">\n\t\t\t\t\t\t\t<p>Niezale\u017cnie czy to prosta kopia, czy skomplikowany druk cyfrowy, traktujemy ka\u017cdy projekt z najwy\u017csz\u0105 staranno\u015bci\u0105. Przyjd\u017a i do\u015bwiadcz doskona\u0142o\u015bci druku z nami!<\/p>\t\t\t\t\t\t<\/div>\n\t\t\t\t<\/div>\n\t\t\t\t<div class=\"elementor-element elementor-element-04f5c4b elementor-mobile-align-center elementor-tablet-align-center elementor-widget elementor-widget-button\" data-id=\"04f5c4b\" data-element_type=\"widget\" data-widget_type=\"button.default\">\n\t\t\t\t<div class=\"elementor-widget-container\">\n\t\t\t\t\t<div class=\"elementor-button-wrapper\">\n\t\t\t<a class=\"elementor-button elementor-button-link elementor-size-lg\" href=\"http:\/\/xero6gr.pl\/formularz-zamowienia-online\/\">\n\t\t\t\t\t\t<span class=\"elementor-button-content-wrapper\">\n\t\t\t\t\t\t\t\t\t<span class=\"elementor-button-text\">Zle\u0107 wydruk dokument\u00f3w<\/span>\n\t\t\t\t\t<\/span>\n\t\t\t\t\t<\/a>\n\t\t<\/div>\n\t\t\t\t<\/div>\n\t\t\t\t<\/div>\n\t\t\t\t\t<\/div>\n\t\t<\/div>\n\t\t\t\t\t<\/div>\n\t\t<\/section>\n\t\t\t\t<\/div>\n\t\t","protected":false},"excerpt":{"rendered":"<p>W czym mo\u017cemy Ci pom\u00f3c? Ulotki ,dyplomy , plakaty , naklejki czy wizyt\u00f3wki \u2013 to rzeczy z kt\u00f3rymi w naszej pracy spotykamy si\u0119 codziennie. Ilo\u015bci niskonak\u0142adowe realizujemy w ci\u0105gu tego samego dnia lub max 24h od z\u0142o\u017cenia zam\u00f3wienia. Je\u017celi posiadaj\u0105 Pa\u0144stwo wi\u0119ksze nak\u0142ady to oferujemy\u00a0 r\u00f3wnie\u017c druk offsetowy kt\u00f3ry realizujemy w ci\u0105gu 2-3 dni robaczych [&hellip;]<\/p>\n","protected":false},"author":1,"featured_media":0,"parent":0,"menu_order":0,"comment_status":"closed","ping_status":"closed","template":"","meta":{"_joinchat":[],"footnotes":""},"class_list":["post-1039","page","type-page","status-publish","hentry"],"blocksy_meta":{"styles_descriptor":{"styles":{"desktop":"","tablet":"","mobile":""},"google_fonts":[],"version":6}},"_links":{"self":[{"href":"http:\/\/xero6gr.pl\/index.php?rest_route=\/wp\/v2\/pages\/1039","targetHints":{"allow":["GET"]}}],"collection":[{"href":"http:\/\/xero6gr.pl\/index.php?rest_route=\/wp\/v2\/pages"}],"about":[{"href":"http:\/\/xero6gr.pl\/index.php?rest_route=\/wp\/v2\/types\/page"}],"author":[{"embeddable":true,"href":"http:\/\/xero6gr.pl\/index.php?rest_route=\/wp\/v2\/users\/1"}],"replies":[{"embeddable":true,"href":"http:\/\/xero6gr.pl\/index.php?rest_route=%2Fwp%2Fv2%2Fcomments&post=1039"}],"version-history":[{"count":41,"href":"http:\/\/xero6gr.pl\/index.php?rest_route=\/wp\/v2\/pages\/1039\/revisions"}],"predecessor-version":[{"id":12563,"href":"http:\/\/xero6gr.pl\/index.php?rest_route=\/wp\/v2\/pages\/1039\/revisions\/12563"}],"wp:attachment":[{"href":"http:\/\/xero6gr.pl\/index.php?rest_route=%2Fwp%2Fv2%2Fmedia&parent=1039"}],"curies":[{"name":"wp","href":"https:\/\/api.w.org\/{rel}","templated":true}]}}